{"id":6536,"date":"2023-05-09T10:02:07","date_gmt":"2023-05-09T08:02:07","guid":{"rendered":"https:\/\/koopsozial.org\/?page_id=6536"},"modified":"2023-09-05T11:43:42","modified_gmt":"2023-09-05T09:43:42","slug":"machen-2","status":"publish","type":"page","link":"https:\/\/koopsozial.org\/?page_id=6536","title":{"rendered":"Ideen und Gr\u00fcndung"},"content":{"rendered":"\t\t<div data-elementor-type=\"wp-post\" data-elementor-id=\"6536\" class=\"elementor elementor-6536\">\n\t\t\t\t\t\t<section class=\"elementor-section elementor-top-section elementor-element elementor-element-7143e97 elementor-section-content-middle elementor-section-full_width elementor-section-height-default elementor-section-height-default\" data-id=\"7143e97\" data-element_type=\"section\" data-e-type=\"section\" data-settings=\"{&quot;background_background&quot;:&quot;classic&quot;}\">\n\t\t\t\t\t\t\t<div class=\"elementor-background-overlay\"><\/div>\n\t\t\t\t\t\t\t<div class=\"elementor-container elementor-column-gap-no\">\n\t\t\t\t\t<div class=\"elementor-column elementor-col-100 elementor-top-column elementor-element elementor-element-95bf376\" data-id=\"95bf376\" data-element_type=\"column\" data-e-type=\"column\">\n\t\t\t<div class=\"elementor-widget-wrap elementor-element-populated\">\n\t\t\t\t\t\t<div class=\"elementor-element elementor-element-a418b48 elementor-widget elementor-widget-heading\" data-id=\"a418b48\" data-element_type=\"widget\" data-e-type=\"widget\" data-widget_type=\"heading.default\">\n\t\t\t\t<div class=\"elementor-widget-container\">\n\t\t\t\t\t<h1 class=\"elementor-heading-title elementor-size-default\">Ideen und Gr\u00fcndung<br><\/h1>\t\t\t\t<\/div>\n\t\t\t\t<\/div>\n\t\t\t\t<div class=\"elementor-element elementor-element-bdea791 elementor-widget elementor-widget-spacer\" data-id=\"bdea791\" data-element_type=\"widget\" data-e-type=\"widget\" data-widget_type=\"spacer.default\">\n\t\t\t\t<div class=\"elementor-widget-container\">\n\t\t\t\t\t\t\t<div class=\"elementor-spacer\">\n\t\t\t<div class=\"elementor-spacer-inner\"><\/div>\n\t\t<\/div>\n\t\t\t\t\t\t<\/div>\n\t\t\t\t<\/div>\n\t\t\t\t<div class=\"elementor-element elementor-element-a034e77 elementor-widget elementor-widget-heading\" data-id=\"a034e77\" data-element_type=\"widget\" data-e-type=\"widget\" data-widget_type=\"heading.default\">\n\t\t\t\t<div class=\"elementor-widget-container\">\n\t\t\t\t\t<h5 class=\"elementor-heading-title elementor-size-default\">Hier wird Dir geholfen. Frag uns alles rund um das Thema Gr\u00fcndung.<\/h5>\t\t\t\t<\/div>\n\t\t\t\t<\/div>\n\t\t\t\t\t<\/div>\n\t\t<\/div>\n\t\t\t\t\t<\/div>\n\t\t<\/section>\n\t\t\t\t<section class=\"elementor-section elementor-top-section elementor-element elementor-element-72da97d5 elementor-section-full_width elementor-section-content-middle elementor-section-height-default elementor-section-height-default\" data-id=\"72da97d5\" data-element_type=\"section\" data-e-type=\"section\">\n\t\t\t\t\t\t<div class=\"elementor-container elementor-column-gap-no\">\n\t\t\t\t\t<div class=\"elementor-column elementor-col-100 elementor-top-column elementor-element elementor-element-28830bd8\" data-id=\"28830bd8\" data-element_type=\"column\" data-e-type=\"column\">\n\t\t\t<div class=\"elementor-widget-wrap elementor-element-populated\">\n\t\t\t\t\t\t<div class=\"elementor-element elementor-element-4809c922 elementor-widget elementor-widget-text-editor\" data-id=\"4809c922\" data-element_type=\"widget\" data-e-type=\"widget\" data-widget_type=\"text-editor.default\">\n\t\t\t\t<div class=\"elementor-widget-container\">\n\t\t\t\t\t\t\t\t\t<p>Koop Sozial ist eine hochschul\u00fcbergreifende Gr\u00fcndungsinitiative und unterst\u00fctzt Dich bei Deiner Idee.<\/p><p>Wir beraten Studierende, Alumni, Forschende und Mitarbeiter:innen der drei Hochschulen KHSB; Katho NRW Abt. M\u00fcnster und FH M\u00fcnster bei ihren sozial-innovativen (Gr\u00fcndungs-) Projekten.\u00a0<\/p><p>Ganz gleich, ob Du \u2026<\/p>\t\t\t\t\t\t\t\t<\/div>\n\t\t\t\t<\/div>\n\t\t\t\t<div class=\"elementor-element elementor-element-30f8465a elementor-widget elementor-widget-text-editor\" data-id=\"30f8465a\" data-element_type=\"widget\" data-e-type=\"widget\" data-widget_type=\"text-editor.default\">\n\t\t\t\t<div class=\"elementor-widget-container\">\n\t\t\t\t\t\t\t\t\t<ul><li aria-level=\"1\">Dich generell zum Thema sozial innovative Gr\u00fcndung informieren m\u00f6chtest<\/li><li aria-level=\"1\">eine erste vage (mutige) Idee hast f\u00fcr etwas Eigenes<\/li><li aria-level=\"1\">schon immer etwas Selbstst\u00e4ndiges machen wolltest, Dir aber die Idee fehlt<\/li><li aria-level=\"1\">innerhalb Deiner aktuellen Praxisstelle\/T\u00e4tigkeit etwas Neues\/ein neues Angebot initiieren und aufbauen m\u00f6chtest (Intrapreneurship)<\/li><li aria-level=\"1\">oder Deinen Verein weiterentwickeln m\u00f6chtest<\/li><\/ul>\t\t\t\t\t\t\t\t<\/div>\n\t\t\t\t<\/div>\n\t\t\t\t\t<\/div>\n\t\t<\/div>\n\t\t\t\t\t<\/div>\n\t\t<\/section>\n\t\t\t\t<section class=\"elementor-section elementor-top-section elementor-element elementor-element-1c61d8f elementor-section-full_width elementor-section-height-default elementor-section-height-default\" data-id=\"1c61d8f\" data-element_type=\"section\" data-e-type=\"section\">\n\t\t\t\t\t\t<div class=\"elementor-container elementor-column-gap-default\">\n\t\t\t\t\t<div class=\"elementor-column elementor-col-33 elementor-top-column elementor-element elementor-element-41b4818\" data-id=\"41b4818\" data-element_type=\"column\" data-e-type=\"column\" data-settings=\"{&quot;background_background&quot;:&quot;classic&quot;}\">\n\t\t\t<div class=\"elementor-widget-wrap elementor-element-populated\">\n\t\t\t\t\t<div class=\"elementor-background-overlay\"><\/div>\n\t\t\t\t\t\t<div class=\"elementor-element elementor-element-83cbedb elementor-widget__width-initial elementor-widget elementor-widget-heading\" data-id=\"83cbedb\" data-element_type=\"widget\" data-e-type=\"widget\" data-widget_type=\"heading.default\">\n\t\t\t\t<div class=\"elementor-widget-container\">\n\t\t\t\t\t<h2 class=\"elementor-heading-title elementor-size-default\"><a href=\"https:\/\/koopsozial.org\/?page_id=5090\"><br><br><br><br><br><br><br>Gr\u00fcndungsberatung<br><br>\n\nWir helfen gerne!<br><br><br><br><br><br><br><br><br><br><br><br><br><br><br>\n<\/a><\/h2>\t\t\t\t<\/div>\n\t\t\t\t<\/div>\n\t\t\t\t\t<\/div>\n\t\t<\/div>\n\t\t\t\t<div class=\"elementor-column elementor-col-33 elementor-top-column elementor-element elementor-element-d80de89\" data-id=\"d80de89\" data-element_type=\"column\" data-e-type=\"column\" data-settings=\"{&quot;background_background&quot;:&quot;classic&quot;}\">\n\t\t\t<div class=\"elementor-widget-wrap elementor-element-populated\">\n\t\t\t\t\t<div class=\"elementor-background-overlay\"><\/div>\n\t\t\t\t\t\t<div class=\"elementor-element elementor-element-6873f49 elementor-widget elementor-widget-heading\" data-id=\"6873f49\" data-element_type=\"widget\" data-e-type=\"widget\" data-widget_type=\"heading.default\">\n\t\t\t\t<div class=\"elementor-widget-container\">\n\t\t\t\t\t<h2 class=\"elementor-heading-title elementor-size-default\"><a href=\"https:\/\/koopsozial.org\/?page_id=5090\"><br><br><br><br><br><br><br>START-UPS<br><br>\n\nLerne Menschen kennen, die bereits gegr\u00fcndet haben!<br><br><br><br><br><br><br><br><br><br><br><br><br><br><br>\n<\/a><\/h2>\t\t\t\t<\/div>\n\t\t\t\t<\/div>\n\t\t\t\t\t<\/div>\n\t\t<\/div>\n\t\t\t\t<div class=\"elementor-column elementor-col-33 elementor-top-column elementor-element elementor-element-99b39ab\" data-id=\"99b39ab\" data-element_type=\"column\" data-e-type=\"column\" data-settings=\"{&quot;background_background&quot;:&quot;classic&quot;}\">\n\t\t\t<div class=\"elementor-widget-wrap elementor-element-populated\">\n\t\t\t\t\t<div class=\"elementor-background-overlay\"><\/div>\n\t\t\t\t\t\t<div class=\"elementor-element elementor-element-518e409 elementor-widget__width-initial elementor-widget elementor-widget-heading\" data-id=\"518e409\" data-element_type=\"widget\" data-e-type=\"widget\" data-widget_type=\"heading.default\">\n\t\t\t\t<div class=\"elementor-widget-container\">\n\t\t\t\t\t<h2 class=\"elementor-heading-title elementor-size-default\"><a href=\"https:\/\/koopsozial.org\/?page_id=4515\"><br><br><br><br><br><br><br>\u00dcber uns<br><br>\n\nDie Menschen hinter dem Projekt<br><br><br><\/a><\/h2>\t\t\t\t<\/div>\n\t\t\t\t<\/div>\n\t\t\t\t\t<\/div>\n\t\t<\/div>\n\t\t\t\t\t<\/div>\n\t\t<\/section>\n\t\t\t\t<section class=\"elementor-section elementor-top-section elementor-element elementor-element-43caee5 elementor-section-content-middle elementor-section-boxed elementor-section-height-default elementor-section-height-default\" data-id=\"43caee5\" data-element_type=\"section\" data-e-type=\"section\" data-settings=\"{&quot;background_background&quot;:&quot;classic&quot;}\">\n\t\t\t\t\t\t\t<div class=\"elementor-background-overlay\"><\/div>\n\t\t\t\t\t\t\t<div class=\"elementor-container elementor-column-gap-no\">\n\t\t\t\t\t<div class=\"elementor-column elementor-col-100 elementor-top-column elementor-element elementor-element-1ce3c21\" data-id=\"1ce3c21\" data-element_type=\"column\" data-e-type=\"column\">\n\t\t\t<div class=\"elementor-widget-wrap elementor-element-populated\">\n\t\t\t\t\t\t<div class=\"elementor-element elementor-element-91a6999 elementor-widget elementor-widget-text-editor\" data-id=\"91a6999\" data-element_type=\"widget\" data-e-type=\"widget\" data-widget_type=\"text-editor.default\">\n\t\t\t\t<div class=\"elementor-widget-container\">\n\t\t\t\t\t\t\t\t\t<p>Bei Koop Sozial bist Du genau richtig. Melde Dich gerne bei uns per Mail und vereinbare einen Austauschtermin! Als Initiative der drei Hochschulen ist das Angebot selbstverst\u00e4ndlich kostenlos.\u00a0<\/p><p>Wir freuen uns auf Dich und Deine Idee!<\/p>\t\t\t\t\t\t\t\t<\/div>\n\t\t\t\t<\/div>\n\t\t\t\t\t<\/div>\n\t\t<\/div>\n\t\t\t\t\t<\/div>\n\t\t<\/section>\n\t\t\t\t<\/div>\n\t\t","protected":false},"excerpt":{"rendered":"<p>Ideen und Gr\u00fcndung Hier wird Dir geholfen. Frag uns alles rund um das Thema Gr\u00fcndung. Koop Sozial ist eine hochschul\u00fcbergreifende Gr\u00fcndungsinitiative und unterst\u00fctzt Dich bei Deiner Idee. Wir beraten Studierende, Alumni, Forschende und Mitarbeiter:innen der drei Hochschulen KHSB; Katho NRW Abt. M\u00fcnster und FH M\u00fcnster bei ihren sozial-innovativen (Gr\u00fcndungs-) Projekten.\u00a0 Ganz gleich, ob Du \u2026 [&hellip;]<\/p>\n","protected":false},"author":217833132,"featured_media":0,"parent":0,"menu_order":0,"comment_status":"closed","ping_status":"closed","template":"","meta":{"_crdt_document":"","site-sidebar-layout":"no-sidebar","site-content-layout":"page-builder","ast-site-content-layout":"","site-content-style":"default","site-sidebar-style":"default","ast-global-header-display":"","ast-banner-title-visibility":"","ast-main-header-display":"","ast-hfb-above-header-display":"","ast-hfb-below-header-display":"","ast-hfb-mobile-header-display":"","site-post-title":"disabled","ast-breadcrumbs-content":"","ast-featured-img":"disabled","footer-sml-layout":"","theme-transparent-header-meta":"enabled","adv-header-id-meta":"","stick-header-meta":"","header-above-stick-meta":"","header-main-stick-meta":"","header-below-stick-meta":"","astra-migrate-meta-layouts":"default","ast-page-background-enabled":"default","ast-page-background-meta":{"desktop":{"background-color":"","background-image":"","background-repeat":"repeat","background-position":"center center","background-size":"auto","background-attachment":"scroll","background-type":"","background-media":"","overlay-type":"","overlay-color":"","overlay-gradient":""},"tablet":{"background-color":"","background-image":"","background-repeat":"repeat","background-position":"center center","background-size":"auto","background-attachment":"scroll","background-type":"","background-media":"","overlay-type":"","overlay-color":"","overlay-gradient":""},"mobile":{"background-color":"","background-image":"","background-repeat":"repeat","background-position":"center center","background-size":"auto","background-attachment":"scroll","background-type":"","background-media":"","overlay-type":"","overlay-color":"","overlay-gradient":""}},"ast-content-background-meta":{"desktop":{"background-color":"var(--ast-global-color-5)","background-image":"","background-repeat":"repeat","background-position":"center center","background-size":"auto","background-attachment":"scroll","background-type":"","background-media":"","overlay-type":"","overlay-color":"","overlay-gradient":""},"tablet":{"background-color":"var(--ast-global-color-5)","background-image":"","background-repeat":"repeat","background-position":"center center","background-size":"auto","background-attachment":"scroll","background-type":"","background-media":"","overlay-type":"","overlay-color":"","overlay-gradient":""},"mobile":{"background-color":"var(--ast-global-color-5)","background-image":"","background-repeat":"repeat","background-position":"center center","background-size":"auto","background-attachment":"scroll","background-type":"","background-media":"","overlay-type":"","overlay-color":"","overlay-gradient":""}},"advanced_seo_description":"","jetpack_seo_html_title":"","jetpack_seo_noindex":false,"jetpack_post_was_ever_published":false,"footnotes":""},"class_list":["post-6536","page","type-page","status-publish","hentry"],"jetpack_likes_enabled":true,"jetpack_sharing_enabled":true,"jetpack_shortlink":"https:\/\/wp.me\/PdLkUD-1Hq","amp_enabled":true,"_links":{"self":[{"href":"https:\/\/koopsozial.org\/index.php?rest_route=\/wp\/v2\/pages\/6536","targetHints":{"allow":["GET"]}}],"collection":[{"href":"https:\/\/koopsozial.org\/index.php?rest_route=\/wp\/v2\/pages"}],"about":[{"href":"https:\/\/koopsozial.org\/index.php?rest_route=\/wp\/v2\/types\/page"}],"author":[{"embeddable":true,"href":"https:\/\/koopsozial.org\/index.php?rest_route=\/wp\/v2\/users\/217833132"}],"replies":[{"embeddable":true,"href":"https:\/\/koopsozial.org\/index.php?rest_route=%2Fwp%2Fv2%2Fcomments&post=6536"}],"version-history":[{"count":59,"href":"https:\/\/koopsozial.org\/index.php?rest_route=\/wp\/v2\/pages\/6536\/revisions"}],"predecessor-version":[{"id":7240,"href":"https:\/\/koopsozial.org\/index.php?rest_route=\/wp\/v2\/pages\/6536\/revisions\/7240"}],"wp:attachment":[{"href":"https:\/\/koopsozial.org\/index.php?rest_route=%2Fwp%2Fv2%2Fmedia&parent=6536"}],"curies":[{"name":"wp","href":"https:\/\/api.w.org\/{rel}","templated":true}]}}