{"id":7311,"date":"2023-10-03T14:10:27","date_gmt":"2023-10-03T12:10:27","guid":{"rendered":"https:\/\/koopsozial.org\/?page_id=7311"},"modified":"2023-10-03T14:11:28","modified_gmt":"2023-10-03T12:11:28","slug":"tara-lipinski-labim-5","status":"publish","type":"page","link":"https:\/\/koopsozial.org\/?page_id=7311","title":{"rendered":"Prof. Friedericke Hardering"},"content":{"rendered":"\t\t<div data-elementor-type=\"wp-post\" data-elementor-id=\"7311\" class=\"elementor elementor-7311\">\n\t\t\t\t\t\t<section class=\"elementor-section elementor-top-section elementor-element elementor-element-be64cbc elementor-section-content-middle elementor-section-full_width elementor-section-height-default elementor-section-height-default\" data-id=\"be64cbc\" data-element_type=\"section\" data-e-type=\"section\" data-settings=\"{&quot;background_background&quot;:&quot;classic&quot;}\">\n\t\t\t\t\t\t\t<div class=\"elementor-background-overlay\"><\/div>\n\t\t\t\t\t\t\t<div class=\"elementor-container elementor-column-gap-no\">\n\t\t\t\t\t<div class=\"elementor-column elementor-col-100 elementor-top-column elementor-element elementor-element-78d15ff\" data-id=\"78d15ff\" data-element_type=\"column\" data-e-type=\"column\">\n\t\t\t<div class=\"elementor-widget-wrap elementor-element-populated\">\n\t\t\t\t\t\t<div class=\"elementor-element elementor-element-dd55ce3 elementor-widget elementor-widget-heading\" data-id=\"dd55ce3\" data-element_type=\"widget\" data-e-type=\"widget\" data-widget_type=\"heading.default\">\n\t\t\t\t<div class=\"elementor-widget-container\">\n\t\t\t\t\t<h1 class=\"elementor-heading-title elementor-size-default\">Start-Ups<br><\/h1>\t\t\t\t<\/div>\n\t\t\t\t<\/div>\n\t\t\t\t<div class=\"elementor-element elementor-element-74c287a elementor-widget elementor-widget-spacer\" data-id=\"74c287a\" data-element_type=\"widget\" data-e-type=\"widget\" data-widget_type=\"spacer.default\">\n\t\t\t\t<div class=\"elementor-widget-container\">\n\t\t\t\t\t\t\t<div class=\"elementor-spacer\">\n\t\t\t<div class=\"elementor-spacer-inner\"><\/div>\n\t\t<\/div>\n\t\t\t\t\t\t<\/div>\n\t\t\t\t<\/div>\n\t\t\t\t<div class=\"elementor-element elementor-element-e5b0a09 elementor-widget elementor-widget-heading\" data-id=\"e5b0a09\" data-element_type=\"widget\" data-e-type=\"widget\" data-widget_type=\"heading.default\">\n\t\t\t\t<div class=\"elementor-widget-container\">\n\t\t\t\t\t<h5 class=\"elementor-heading-title elementor-size-default\">\nLERNE MENSCHEN KENNEN, DIE BEREITS GEGR\u00dcNDET HABEN\n<\/h5>\t\t\t\t<\/div>\n\t\t\t\t<\/div>\n\t\t\t\t\t<\/div>\n\t\t<\/div>\n\t\t\t\t\t<\/div>\n\t\t<\/section>\n\t\t\t\t<section class=\"elementor-section elementor-top-section elementor-element elementor-element-2393d34 elementor-section-boxed elementor-section-height-default elementor-section-height-default\" data-id=\"2393d34\" data-element_type=\"section\" data-e-type=\"section\">\n\t\t\t\t\t\t<div class=\"elementor-container elementor-column-gap-default\">\n\t\t\t\t\t<div class=\"elementor-column elementor-col-100 elementor-top-column elementor-element elementor-element-3f111d6\" data-id=\"3f111d6\" data-element_type=\"column\" data-e-type=\"column\">\n\t\t\t<div class=\"elementor-widget-wrap elementor-element-populated\">\n\t\t\t\t\t\t<div class=\"elementor-element elementor-element-bd04db4 elementor-widget elementor-widget-text-editor\" data-id=\"bd04db4\" data-element_type=\"widget\" data-e-type=\"widget\" data-widget_type=\"text-editor.default\">\n\t\t\t\t<div class=\"elementor-widget-container\">\n\t\t\t\t\t\t\t\t\t<p>Professorin f\u00fcr Zukunft der Arbeit und Digitalisierung FH M\u00fcnster | Forscht, schreibt und spricht \u00fcber New Work, Sinn der Arbeit und Arbeitssoziologie<\/p>\t\t\t\t\t\t\t\t<\/div>\n\t\t\t\t<\/div>\n\t\t\t\t\t<\/div>\n\t\t<\/div>\n\t\t\t\t\t<\/div>\n\t\t<\/section>\n\t\t\t\t<section class=\"elementor-section elementor-top-section elementor-element elementor-element-a275930 elementor-section-boxed elementor-section-height-default elementor-section-height-default\" data-id=\"a275930\" data-element_type=\"section\" data-e-type=\"section\">\n\t\t\t\t\t\t<div class=\"elementor-container elementor-column-gap-default\">\n\t\t\t\t\t<div class=\"elementor-column elementor-col-100 elementor-top-column elementor-element elementor-element-6e3666b\" data-id=\"6e3666b\" data-element_type=\"column\" data-e-type=\"column\">\n\t\t\t<div class=\"elementor-widget-wrap elementor-element-populated\">\n\t\t\t\t\t\t<div class=\"elementor-element elementor-element-52048ff elementor-widget elementor-widget-video\" data-id=\"52048ff\" data-element_type=\"widget\" data-e-type=\"widget\" data-settings=\"{&quot;youtube_url&quot;:&quot;https:\\\/\\\/youtu.be\\\/9pFy900SwDU&quot;,&quot;show_image_overlay&quot;:&quot;yes&quot;,&quot;image_overlay&quot;:{&quot;url&quot;:&quot;https:\\\/\\\/koopsozial.org\\\/wp-content\\\/uploads\\\/2023\\\/10\\\/Bild-19.09.23-um-09.31.jpg&quot;,&quot;id&quot;:7314,&quot;size&quot;:&quot;&quot;,&quot;alt&quot;:&quot;&quot;,&quot;source&quot;:&quot;library&quot;},&quot;lightbox&quot;:&quot;yes&quot;,&quot;video_type&quot;:&quot;youtube&quot;,&quot;controls&quot;:&quot;yes&quot;}\" data-widget_type=\"video.default\">\n\t\t\t\t<div class=\"elementor-widget-container\">\n\t\t\t\t\t\t\t<div class=\"elementor-wrapper elementor-open-lightbox\">\n\t\t\t\t\t\t\t<div class=\"elementor-custom-embed-image-overlay\" data-elementor-open-lightbox=\"yes\" data-elementor-lightbox=\"{&quot;type&quot;:&quot;video&quot;,&quot;videoType&quot;:&quot;youtube&quot;,&quot;url&quot;:&quot;https:\\\/\\\/www.youtube.com\\\/embed\\\/9pFy900SwDU?feature=oembed&amp;start&amp;end&amp;wmode=opaque&amp;loop=0&amp;controls=1&amp;mute=0&amp;rel=0&amp;cc_load_policy=0&quot;,&quot;autoplay&quot;:&quot;&quot;,&quot;modalOptions&quot;:{&quot;id&quot;:&quot;elementor-lightbox-52048ff&quot;,&quot;entranceAnimation&quot;:&quot;&quot;,&quot;entranceAnimation_tablet&quot;:&quot;&quot;,&quot;entranceAnimation_mobile&quot;:&quot;&quot;,&quot;videoAspectRatio&quot;:&quot;169&quot;}}\" data-e-action-hash=\"#elementor-action%3Aaction%3Dlightbox%26settings%3DeyJ0eXBlIjoidmlkZW8iLCJ2aWRlb1R5cGUiOiJ5b3V0dWJlIiwidXJsIjoiaHR0cHM6XC9cL3d3dy55b3V0dWJlLmNvbVwvZW1iZWRcLzlwRnk5MDBTd0RVP2ZlYXR1cmU9b2VtYmVkJnN0YXJ0JmVuZCZ3bW9kZT1vcGFxdWUmbG9vcD0wJmNvbnRyb2xzPTEmbXV0ZT0wJnJlbD0wJmNjX2xvYWRfcG9saWN5PTAiLCJhdXRvcGxheSI6IiIsIm1vZGFsT3B0aW9ucyI6eyJpZCI6ImVsZW1lbnRvci1saWdodGJveC01MjA0OGZmIiwiZW50cmFuY2VBbmltYXRpb24iOiIiLCJlbnRyYW5jZUFuaW1hdGlvbl90YWJsZXQiOiIiLCJlbnRyYW5jZUFuaW1hdGlvbl9tb2JpbGUiOiIiLCJ2aWRlb0FzcGVjdFJhdGlvIjoiMTY5In19\">\n\t\t\t\t\t\t\t\t\t\t\t<img fetchpriority=\"high\" decoding=\"async\" data-attachment-id=\"7314\" data-permalink=\"https:\/\/koopsozial.org\/?attachment_id=7314\" data-orig-file=\"https:\/\/i0.wp.com\/koopsozial.org\/wp-content\/uploads\/2023\/10\/Bild-19.09.23-um-09.31.jpg?fit=6000%2C4000&amp;ssl=1\" data-orig-size=\"6000,4000\" data-comments-opened=\"1\" data-image-meta=\"{&quot;aperture&quot;:&quot;0&quot;,&quot;credit&quot;:&quot;&quot;,&quot;camera&quot;:&quot;&quot;,&quot;caption&quot;:&quot;&quot;,&quot;created_timestamp&quot;:&quot;0&quot;,&quot;copyright&quot;:&quot;&quot;,&quot;focal_length&quot;:&quot;0&quot;,&quot;iso&quot;:&quot;0&quot;,&quot;shutter_speed&quot;:&quot;0&quot;,&quot;title&quot;:&quot;&quot;,&quot;orientation&quot;:&quot;0&quot;}\" data-image-title=\"Bild 19.09.23 um 09.31\" data-image-description=\"\" data-image-caption=\"\" data-large-file=\"https:\/\/i0.wp.com\/koopsozial.org\/wp-content\/uploads\/2023\/10\/Bild-19.09.23-um-09.31.jpg?fit=1024%2C683&amp;ssl=1\" width=\"6000\" height=\"4000\" src=\"https:\/\/i0.wp.com\/koopsozial.org\/wp-content\/uploads\/2023\/10\/Bild-19.09.23-um-09.31.jpg?fit=6000%2C4000&amp;ssl=1\" class=\"attachment-full size-full wp-image-7314\" alt=\"\" srcset=\"https:\/\/i0.wp.com\/koopsozial.org\/wp-content\/uploads\/2023\/10\/Bild-19.09.23-um-09.31.jpg?w=6000&amp;ssl=1 6000w, https:\/\/i0.wp.com\/koopsozial.org\/wp-content\/uploads\/2023\/10\/Bild-19.09.23-um-09.31.jpg?resize=300%2C200&amp;ssl=1 300w, https:\/\/i0.wp.com\/koopsozial.org\/wp-content\/uploads\/2023\/10\/Bild-19.09.23-um-09.31.jpg?resize=1024%2C683&amp;ssl=1 1024w, https:\/\/i0.wp.com\/koopsozial.org\/wp-content\/uploads\/2023\/10\/Bild-19.09.23-um-09.31.jpg?resize=768%2C512&amp;ssl=1 768w, https:\/\/i0.wp.com\/koopsozial.org\/wp-content\/uploads\/2023\/10\/Bild-19.09.23-um-09.31.jpg?resize=1536%2C1024&amp;ssl=1 1536w, https:\/\/i0.wp.com\/koopsozial.org\/wp-content\/uploads\/2023\/10\/Bild-19.09.23-um-09.31.jpg?resize=2048%2C1365&amp;ssl=1 2048w, https:\/\/i0.wp.com\/koopsozial.org\/wp-content\/uploads\/2023\/10\/Bild-19.09.23-um-09.31.jpg?resize=1200%2C800&amp;ssl=1 1200w, https:\/\/i0.wp.com\/koopsozial.org\/wp-content\/uploads\/2023\/10\/Bild-19.09.23-um-09.31.jpg?w=2400&amp;ssl=1 2400w, https:\/\/i0.wp.com\/koopsozial.org\/wp-content\/uploads\/2023\/10\/Bild-19.09.23-um-09.31.jpg?w=3600&amp;ssl=1 3600w\" sizes=\"(max-width: 1200px) 100vw, 1200px\" \/>\t\t\t\t\t\t\t\t\t\t\t\t\t\t\t\t<div class=\"elementor-custom-embed-play\" role=\"button\" aria-label=\"Video abspielen\" tabindex=\"0\">\n\t\t\t\t\t\t\t<i aria-hidden=\"true\" class=\"eicon-play\"><\/i>\t\t\t\t\t\t<\/div>\n\t\t\t\t\t\t\t\t\t<\/div>\n\t\t\t\t\t<\/div>\n\t\t\t\t\t\t<\/div>\n\t\t\t\t<\/div>\n\t\t\t\t\t<\/div>\n\t\t<\/div>\n\t\t\t\t\t<\/div>\n\t\t<\/section>\n\t\t\t\t<section class=\"elementor-section elementor-top-section elementor-element elementor-element-5308dc6 elementor-section-full_width elementor-section-height-default elementor-section-height-default\" data-id=\"5308dc6\" data-element_type=\"section\" data-e-type=\"section\">\n\t\t\t\t\t\t<div class=\"elementor-container elementor-column-gap-default\">\n\t\t\t\t\t<div class=\"elementor-column elementor-col-100 elementor-top-column elementor-element elementor-element-90fd316\" data-id=\"90fd316\" data-element_type=\"column\" data-e-type=\"column\">\n\t\t\t<div class=\"elementor-widget-wrap elementor-element-populated\">\n\t\t\t\t\t\t<div class=\"elementor-element elementor-element-dc0ed03 elementor-widget elementor-widget-text-editor\" data-id=\"dc0ed03\" data-element_type=\"widget\" data-e-type=\"widget\" data-widget_type=\"text-editor.default\">\n\t\t\t\t<div class=\"elementor-widget-container\">\n\t\t\t\t\t\t\t\t\t<p>Hier erf\u00e4hrst du mehr \u00fcber Labim: <a href=\"https:\/\/www.linkedin.com\/in\/prof-dr-friedericke-hardering-25b306216\/?originalSubdomain=de\" target=\"_blank\" rel=\"noopener\">Prof. Dr. Friedericke Hardering<\/a><\/p>\t\t\t\t\t\t\t\t<\/div>\n\t\t\t\t<\/div>\n\t\t\t\t\t<\/div>\n\t\t<\/div>\n\t\t\t\t\t<\/div>\n\t\t<\/section>\n\t\t\t\t<section class=\"elementor-section elementor-top-section elementor-element elementor-element-701b83e elementor-section-boxed elementor-section-height-default elementor-section-height-default\" data-id=\"701b83e\" data-element_type=\"section\" data-e-type=\"section\">\n\t\t\t\t\t\t<div class=\"elementor-container elementor-column-gap-default\">\n\t\t\t\t\t<div class=\"elementor-column elementor-col-100 elementor-top-column elementor-element elementor-element-9f7ee82\" data-id=\"9f7ee82\" data-element_type=\"column\" data-e-type=\"column\">\n\t\t\t<div class=\"elementor-widget-wrap elementor-element-populated\">\n\t\t\t\t\t\t<div class=\"elementor-element elementor-element-4a1b2e9 elementor-align-center elementor-widget elementor-widget-button\" data-id=\"4a1b2e9\" data-element_type=\"widget\" data-e-type=\"widget\" data-widget_type=\"button.default\">\n\t\t\t\t<div class=\"elementor-widget-container\">\n\t\t\t\t\t\t\t\t\t<div class=\"elementor-button-wrapper\">\n\t\t\t\t\t<a class=\"elementor-button elementor-button-link elementor-size-sm\" href=\"https:\/\/koopsozial.org\/?page_id=5090\">\n\t\t\t\t\t\t<span class=\"elementor-button-content-wrapper\">\n\t\t\t\t\t\t\t\t\t<span class=\"elementor-button-text\">weitere Menschen aus der Szene kennenlernen<\/span>\n\t\t\t\t\t<\/span>\n\t\t\t\t\t<\/a>\n\t\t\t\t<\/div>\n\t\t\t\t\t\t\t\t<\/div>\n\t\t\t\t<\/div>\n\t\t\t\t\t<\/div>\n\t\t<\/div>\n\t\t\t\t\t<\/div>\n\t\t<\/section>\n\t\t\t\t<\/div>\n\t\t","protected":false},"excerpt":{"rendered":"<p>Start-Ups LERNE MENSCHEN KENNEN, DIE BEREITS GEGR\u00dcNDET HABEN Professorin f\u00fcr Zukunft der Arbeit und Digitalisierung FH M\u00fcnster | Forscht, schreibt und spricht \u00fcber New Work, Sinn der Arbeit und Arbeitssoziologie <a href=\"https:\/\/youtu.be\/9pFy900SwDU\" rel=\"nofollow\">https:\/\/youtu.be\/9pFy900SwDU<\/a> Hier erf\u00e4hrst du mehr \u00fcber Labim: Prof. Dr. Friedericke Hardering weitere Menschen aus der Szene kennenlernen<\/p>\n","protected":false},"author":217833132,"featured_media":0,"parent":0,"menu_order":0,"comment_status":"closed","ping_status":"closed","template":"","meta":{"_crdt_document":"","site-sidebar-layout":"no-sidebar","site-content-layout":"page-builder","ast-site-content-layout":"","site-content-style":"default","site-sidebar-style":"default","ast-global-header-display":"","ast-banner-title-visibility":"","ast-main-header-display":"","ast-hfb-above-header-display":"","ast-hfb-below-header-display":"","ast-hfb-mobile-header-display":"","site-post-title":"disabled","ast-breadcrumbs-content":"","ast-featured-img":"disabled","footer-sml-layout":"","theme-transparent-header-meta":"enabled","adv-header-id-meta":"","stick-header-meta":"","header-above-stick-meta":"","header-main-stick-meta":"","header-below-stick-meta":"","astra-migrate-meta-layouts":"default","ast-page-background-enabled":"default","ast-page-background-meta":{"desktop":{"background-color":"","background-image":"","background-repeat":"repeat","background-position":"center center","background-size":"auto","background-attachment":"scroll","background-type":"","background-media":"","overlay-type":"","overlay-color":"","overlay-gradient":""},"tablet":{"background-color":"","background-image":"","background-repeat":"repeat","background-position":"center center","background-size":"auto","background-attachment":"scroll","background-type":"","background-media":"","overlay-type":"","overlay-color":"","overlay-gradient":""},"mobile":{"background-color":"","background-image":"","background-repeat":"repeat","background-position":"center center","background-size":"auto","background-attachment":"scroll","background-type":"","background-media":"","overlay-type":"","overlay-color":"","overlay-gradient":""}},"ast-content-background-meta":{"desktop":{"background-color":"var(--ast-global-color-5)","background-image":"","background-repeat":"repeat","background-position":"center center","background-size":"auto","background-attachment":"scroll","background-type":"","background-media":"","overlay-type":"","overlay-color":"","overlay-gradient":""},"tablet":{"background-color":"var(--ast-global-color-5)","background-image":"","background-repeat":"repeat","background-position":"center center","background-size":"auto","background-attachment":"scroll","background-type":"","background-media":"","overlay-type":"","overlay-color":"","overlay-gradient":""},"mobile":{"background-color":"var(--ast-global-color-5)","background-image":"","background-repeat":"repeat","background-position":"center center","background-size":"auto","background-attachment":"scroll","background-type":"","background-media":"","overlay-type":"","overlay-color":"","overlay-gradient":""}},"advanced_seo_description":"","jetpack_seo_html_title":"","jetpack_seo_noindex":false,"jetpack_post_was_ever_published":false,"footnotes":""},"class_list":["post-7311","page","type-page","status-publish","hentry"],"jetpack_likes_enabled":true,"jetpack_sharing_enabled":true,"jetpack_shortlink":"https:\/\/wp.me\/PdLkUD-1TV","amp_enabled":true,"_links":{"self":[{"href":"https:\/\/koopsozial.org\/index.php?rest_route=\/wp\/v2\/pages\/7311","targetHints":{"allow":["GET"]}}],"collection":[{"href":"https:\/\/koopsozial.org\/index.php?rest_route=\/wp\/v2\/pages"}],"about":[{"href":"https:\/\/koopsozial.org\/index.php?rest_route=\/wp\/v2\/types\/page"}],"author":[{"embeddable":true,"href":"https:\/\/koopsozial.org\/index.php?rest_route=\/wp\/v2\/users\/217833132"}],"replies":[{"embeddable":true,"href":"https:\/\/koopsozial.org\/index.php?rest_route=%2Fwp%2Fv2%2Fcomments&post=7311"}],"version-history":[{"count":7,"href":"https:\/\/koopsozial.org\/index.php?rest_route=\/wp\/v2\/pages\/7311\/revisions"}],"predecessor-version":[{"id":7320,"href":"https:\/\/koopsozial.org\/index.php?rest_route=\/wp\/v2\/pages\/7311\/revisions\/7320"}],"wp:attachment":[{"href":"https:\/\/koopsozial.org\/index.php?rest_route=%2Fwp%2Fv2%2Fmedia&parent=7311"}],"curies":[{"name":"wp","href":"https:\/\/api.w.org\/{rel}","templated":true}]}}